{"id":74,"date":"2022-01-06T12:18:44","date_gmt":"2022-01-06T11:18:44","guid":{"rendered":"https:\/\/donum.si\/?page_id=74"},"modified":"2022-01-06T20:44:32","modified_gmt":"2022-01-06T19:44:32","slug":"bal-a-vis-x","status":"publish","type":"page","link":"https:\/\/donum.si\/index.php\/bal-a-vis-x\/","title":{"rendered":"Bal-A-Vis-X"},"content":{"rendered":"<p>Bal-A-Vis-X je akronim za\u00a0Balance-Auditory-Vision-eXercies. Pri teh vajah, ki jih je preko 300, se uporabljajo vre\u010dke, napolnjene z drobnim peskom, ter \u017eogice razli\u010dnih barv. Vsaka vaja temelji na ritmu, ki si ga oseba pridobi preko izku\u0161enj in ponavljanja vaj.<\/p>\n<p>Avtor metode je g. Bill Hubert, Ameri\u010dan, ki je po osnovni izobrazbi u\u010ditelj. Pri delu v razredu so ga posebej nagovorili u\u010denci, ki so imeli te\u017eave pri u\u010denju. \u017delel jim je pomagati, in ugotovil, da imajo slabo ravnote\u017eje, so pogosto brez ritma, energije, pozornosti. Zdru\u017eil je svoje izku\u0161nje v razredu ter izku\u0161nje igralca ter trenerja sabljanja.<\/p>\n<p><img loading=\"lazy\" decoding=\"async\" class=\"size-medium wp-image-111 aligncenter\" src=\"https:\/\/donum.si\/wp-content\/uploads\/2022\/01\/hubert-oliver-300x225.jpg\" alt=\"\" width=\"300\" height=\"225\" srcset=\"https:\/\/donum.si\/wp-content\/uploads\/2022\/01\/hubert-oliver-300x225.jpg 300w, https:\/\/donum.si\/wp-content\/uploads\/2022\/01\/hubert-oliver.jpg 376w\" sizes=\"auto, (max-width: 300px) 100vw, 300px\" \/><\/p>\n<p>Danes ve\u010dinoma izobra\u017euje udele\u017eence v Ameriki, v evropskem prostoru pa ga. Jane Oliver, ki prihaja s \u0160kotske.<\/p>\n<div style=\"margin-left: auto; margin-right: auto;\"><\/div>\n","protected":false},"excerpt":{"rendered":"<p>Bal-A-Vis-X je akronim za\u00a0Balance-Auditory-Vision-eXercies. Pri teh vajah, ki jih je preko 300, se uporabljajo vre\u010dke, napolnjene z drobnim peskom, ter \u017eogice razli\u010dnih barv. Vsaka vaja temelji na ritmu, ki si ga oseba pridobi preko izku\u0161enj in ponavljanja vaj. Avtor metode je g. Bill Hubert, Ameri\u010dan, ki je po osnovni izobrazbi u\u010ditelj. Pri delu v razredu&hellip; <br \/> <a class=\"read-more\" href=\"https:\/\/donum.si\/index.php\/bal-a-vis-x\/\">Read more<\/a><\/p>\n","protected":false},"author":1,"featured_media":0,"parent":0,"menu_order":0,"comment_status":"closed","ping_status":"closed","template":"","meta":{"footnotes":""},"class_list":["post-74","page","type-page","status-publish","hentry"],"_links":{"self":[{"href":"https:\/\/donum.si\/index.php\/wp-json\/wp\/v2\/pages\/74","targetHints":{"allow":["GET"]}}],"collection":[{"href":"https:\/\/donum.si\/index.php\/wp-json\/wp\/v2\/pages"}],"about":[{"href":"https:\/\/donum.si\/index.php\/wp-json\/wp\/v2\/types\/page"}],"author":[{"embeddable":true,"href":"https:\/\/donum.si\/index.php\/wp-json\/wp\/v2\/users\/1"}],"replies":[{"embeddable":true,"href":"https:\/\/donum.si\/index.php\/wp-json\/wp\/v2\/comments?post=74"}],"version-history":[{"count":9,"href":"https:\/\/donum.si\/index.php\/wp-json\/wp\/v2\/pages\/74\/revisions"}],"predecessor-version":[{"id":125,"href":"https:\/\/donum.si\/index.php\/wp-json\/wp\/v2\/pages\/74\/revisions\/125"}],"wp:attachment":[{"href":"https:\/\/donum.si\/index.php\/wp-json\/wp\/v2\/media?parent=74"}],"curies":[{"name":"wp","href":"https:\/\/api.w.org\/{rel}","templated":true}]}}