{"id":139,"date":"2022-01-10T21:32:46","date_gmt":"2022-01-10T20:32:46","guid":{"rendered":"https:\/\/donum.si\/index.php\/mesmerize\/"},"modified":"2025-06-19T06:32:05","modified_gmt":"2025-06-19T05:32:05","slug":"mesmerize","status":"publish","type":"page","link":"https:\/\/donum.si\/","title":{"rendered":"Front Page"},"content":{"rendered":"<div  data-label=\"About\" data-id=\"about--1\" data-export-id=\"about-9\" data-category=\"about\" class=\"about-9 content-section content-section-spacing\" id=\"about-1\" style=\"background-color: rgb(255, 255, 255); background-image: none;\"><div  class=\"gridContainer\"> <div  class=\"row middle-sm text-center\"><div  class=\"col-sm-5 space-bottom-xs content-column content-right-sm\" data-type=\"column\">  <h2  class=\"\">Sem\n<br >Marko Kalan,\n<br >specialni pedagog.<\/h2><p  class=\"\">Leta 2015 sem doktoriral na ljubljanski Pedago\u0161ki fakulteti, na Oddelku za specialno in rehabilitacijsko pedagogiko, s temo \u00bbStrategije re\u0161evanja aritmeti\u010dnih besednih problemov pri u\u010dencih z u\u010dnimi te\u017eavami pri matematiki\u00ab.<br ><br >Poklicno se ukvarjam z otroki in mladostniki s specifi\u010dnimi u\u010dnimi te\u017eavami, z avtizmom ter z motnjo pozornosti in hiperaktivnostjo. Dodatno se izobra\u017eujem v Sloveniji in tujini.<br ><br >Imam licenco za izvajanje terapij po metodi Bal-A-Vis-X (practitioner), ter licenco za izvajanje dvodnevnih izobra\u017eevanj po metodi Bal-A-Vis-X (limited trainer).<br ><br >Na Va\u0161a poslana vpra\u0161anja bom z veseljem odgovoril.<\/p>  <a  class=\"button color1\" href=\"https:\/\/donum.si\/index.php\/kontakt\" target=\"_self\" data-cp-link=\"1\" rel=\"noopener\">Kontaktirajte me<\/a><\/div> <div  class=\"col-sm-7 flexbox flexbox middle-xs center-xs space-bottom-xs\"><div  class=\"overlay-box flexbox middle-xs center-xs overlay-holder \"> <div  class=\"overlay-box-offset shadow-medium bg-color2 hide-xs offset-background\"><\/div> <a  data-cp-link=\"1\" href=\"#\" target=\"_self\" rel=\"noopener\"><img decoding=\"async\"  class=\"flexbox shadow-large img1\" src=\"https:\/\/donum.si\/wp-content\/uploads\/2022\/04\/marko_new.jpg\" data-size=\"600x400\" title=\"marko_krog_m\" alt=\"\"><\/a><\/div> <\/div><\/div> <\/div><\/div>","protected":false},"excerpt":{"rendered":"<p>Sem Marko Kalan, specialni pedagog.Leta 2015 sem doktoriral na ljubljanski Pedago\u0161ki fakulteti, na Oddelku za specialno in rehabilitacijsko pedagogiko, s temo \u00bbStrategije re\u0161evanja aritmeti\u010dnih besednih problemov pri u\u010dencih z u\u010dnimi te\u017eavami pri matematiki\u00ab.Poklicno se ukvarjam z otroki in mladostniki s specifi\u010dnimi u\u010dnimi te\u017eavami, z avtizmom ter z motnjo pozornosti in hiperaktivnostjo. Dodatno se izobra\u017eujem v&hellip; <br \/> <a class=\"read-more\" href=\"https:\/\/donum.si\/\">Read more<\/a><\/p>\n","protected":false},"author":1,"featured_media":0,"parent":0,"menu_order":0,"comment_status":"closed","ping_status":"closed","template":"page-templates\/homepage.php","meta":{"footnotes":""},"class_list":["post-139","page","type-page","status-publish","hentry"],"_links":{"self":[{"href":"https:\/\/donum.si\/index.php\/wp-json\/wp\/v2\/pages\/139","targetHints":{"allow":["GET"]}}],"collection":[{"href":"https:\/\/donum.si\/index.php\/wp-json\/wp\/v2\/pages"}],"about":[{"href":"https:\/\/donum.si\/index.php\/wp-json\/wp\/v2\/types\/page"}],"author":[{"embeddable":true,"href":"https:\/\/donum.si\/index.php\/wp-json\/wp\/v2\/users\/1"}],"replies":[{"embeddable":true,"href":"https:\/\/donum.si\/index.php\/wp-json\/wp\/v2\/comments?post=139"}],"version-history":[{"count":9,"href":"https:\/\/donum.si\/index.php\/wp-json\/wp\/v2\/pages\/139\/revisions"}],"predecessor-version":[{"id":365,"href":"https:\/\/donum.si\/index.php\/wp-json\/wp\/v2\/pages\/139\/revisions\/365"}],"wp:attachment":[{"href":"https:\/\/donum.si\/index.php\/wp-json\/wp\/v2\/media?parent=139"}],"curies":[{"name":"wp","href":"https:\/\/api.w.org\/{rel}","templated":true}]}}